{"id":65,"date":"2024-09-16T19:32:20","date_gmt":"2024-09-16T19:32:20","guid":{"rendered":"https:\/\/salikon.dk\/?page_id=65"},"modified":"2025-01-25T19:12:31","modified_gmt":"2025-01-25T19:12:31","slug":"om-mig","status":"publish","type":"page","link":"https:\/\/salikon.dk\/?page_id=65","title":{"rendered":"Om mig"},"content":{"rendered":"\n<p><\/p>\n\n\n\n<div class=\"wp-block-media-text has-media-on-the-right is-stacked-on-mobile\" style=\"grid-template-columns:auto 25%\"><div class=\"wp-block-media-text__content\">\n<p>Jeg er uddannet psykolog fra Aarhus Universitet i 2007, autoriseret ad Dansk Psykologn\u00e6vn og medlem af Dansk Psykologforening. Jeg er oprindeligt fra Norge, men efter 25 \u00e5r i Danmark taler jeg dansk, men med en norsk accent. Det plejer ikke at give vanskeligheder i det terapeutiske samarbejde med mine klienter. <\/p>\n\n\n\n<p>Jeg har siden sommeren 2023 haft egen klinik. F\u00f8r dette har jeg arbejdet 8 \u00e5r i regionspsykiatrien, 3 \u00e5r p\u00e5 en privat smerteklinik og nogle \u00e5r p\u00e5 forskellige bosteder for unge mennesker med forskellige former for vanskeligheder. Tidligere er jeg uddannet magister i informationsvidenskab, psykologi og \u00f8konomi.<\/p>\n<\/div><figure class=\"wp-block-media-text__media\"><img loading=\"lazy\" decoding=\"async\" width=\"768\" height=\"1024\" src=\"http:\/\/salikon.dk\/wp-content\/uploads\/2025\/01\/IMG_3975-1-768x1024.jpg\" alt=\"\" class=\"wp-image-105 size-full\" srcset=\"https:\/\/salikon.dk\/wp-content\/uploads\/2025\/01\/IMG_3975-1-768x1024.jpg 768w, https:\/\/salikon.dk\/wp-content\/uploads\/2025\/01\/IMG_3975-1-225x300.jpg 225w, https:\/\/salikon.dk\/wp-content\/uploads\/2025\/01\/IMG_3975-1-1152x1536.jpg 1152w, https:\/\/salikon.dk\/wp-content\/uploads\/2025\/01\/IMG_3975-1-1536x2048.jpg 1536w, https:\/\/salikon.dk\/wp-content\/uploads\/2025\/01\/IMG_3975-1-scaled.jpg 1920w\" sizes=\"(max-width: 768px) 100vw, 768px\" \/><\/figure><\/div>\n\n\n\n<p><\/p>\n\n\n\n<p>Privat er jeg gift gennem 17 \u00e5r. Sammen med min \u00e6gtef\u00e6lde har jeg en s\u00f8n p\u00e5 16 \u00e5r. Vi bor i Gedved.<\/p>\n\n\n\n<p>Jeg er vokset op dels i Nord Norge i Narvik og dels p\u00e5 det norske Vestland i Bergen. Begge steder var den vilde norske natur alle steder omkring mig. Jeg har tilbragt mange timer i de norske bjerge, ved familiens hytte i det Nord norske multeb\u00e6rland, ved en fiskes\u00f8, og i bil p\u00e5 vej gennem det norske landskab &#8211; over bjerge og langs den norske kyst. Narvik er nord er for polarcirkelen hvorfor midnatssol og nordlys var en del af \u00e5rets cyklus. Men ogs\u00e5 lange og m\u00f8rke vintre hvor vi i februar fik fri fra skole den dag hvor solen stod p\u00e5 flaggstangen for f\u00f8rste gang. Naturen fylder meget i mig og min selvforst\u00e5else.<\/p>\n\n\n\n<p>Min familie og jeg bes\u00f8ger regelm\u00e6ssigt familie i Norge, men vi ynder ogs\u00e5 at nyde den sk\u00f8nne natur i Nordjylland. Jeg har l\u00e6rt at elske den danske natur lige s\u00e5 meget som den norske. <\/p>\n\n\n\n<p>I 1999 flyttede jeg til Danmark for at l\u00e6se psykologi. Nogle \u00e5r inde i psykologi studiet m\u00f8dte jeg Anne Sophie J\u00f8rgensen, leder af og l\u00e6rer ved meditationcenteret Tigerens Rede i Gedved.&nbsp;Dette \u00e6ndrede min livsbane i det jeg hurtigt blev elev af Anne Sophie og efterh\u00e5nden bosatte mig i Gedved for at v\u00e6re en del af den daglige praksis p\u00e5 stedet. Jeg har mediteret p\u00e5 daglig basis de sidste 23 \u00e5r. <\/p>\n\n\n\n<p><\/p>\n","protected":false},"excerpt":{"rendered":"<p>Jeg er uddannet psykolog fra Aarhus Universitet i 2007, autoriseret ad Dansk Psykologn\u00e6vn og medlem af Dansk Psykologforening. Jeg er oprindeligt fra Norge, men efter 25 \u00e5r i Danmark taler jeg dansk, men med en norsk accent. Det plejer ikke at give vanskeligheder i det terapeutiske samarbejde med mine klienter. Jeg har siden sommeren 2023 haft egen klinik. F\u00f8r dette har jeg arbejdet 8 \u00e5r i regionspsykiatrien, 3 \u00e5r p\u00e5 en privat smerteklinik og nogle \u00e5r p\u00e5 forskellige bosteder for unge mennesker med forskellige former for vanskeligheder. Tidligere er jeg uddannet magister i informationsvidenskab, psykologi og \u00f8konomi. Privat er jeg gift gennem 17 \u00e5r. Sammen med min \u00e6gtef\u00e6lde har jeg en s\u00f8n p\u00e5 16 \u00e5r. Vi bor i Gedved. Jeg er vokset op dels i Nord Norge i Narvik og dels p\u00e5 det norske Vestland i Bergen. Begge steder var den vilde norske natur alle steder omkring mig. Jeg har&hellip;<\/p>\n<p> <a class=\"more-link\" href=\"https:\/\/salikon.dk\/?page_id=65\">L\u00e6s mere<\/a><\/p>\n","protected":false},"author":1,"featured_media":6,"parent":0,"menu_order":0,"comment_status":"closed","ping_status":"closed","template":"","meta":{"footnotes":""},"class_list":["post-65","page","type-page","status-publish","has-post-thumbnail"],"_links":{"self":[{"href":"https:\/\/salikon.dk\/index.php?rest_route=\/wp\/v2\/pages\/65"}],"collection":[{"href":"https:\/\/salikon.dk\/index.php?rest_route=\/wp\/v2\/pages"}],"about":[{"href":"https:\/\/salikon.dk\/index.php?rest_route=\/wp\/v2\/types\/page"}],"author":[{"embeddable":true,"href":"https:\/\/salikon.dk\/index.php?rest_route=\/wp\/v2\/users\/1"}],"replies":[{"embeddable":true,"href":"https:\/\/salikon.dk\/index.php?rest_route=%2Fwp%2Fv2%2Fcomments&post=65"}],"version-history":[{"count":7,"href":"https:\/\/salikon.dk\/index.php?rest_route=\/wp\/v2\/pages\/65\/revisions"}],"predecessor-version":[{"id":111,"href":"https:\/\/salikon.dk\/index.php?rest_route=\/wp\/v2\/pages\/65\/revisions\/111"}],"wp:featuredmedia":[{"embeddable":true,"href":"https:\/\/salikon.dk\/index.php?rest_route=\/wp\/v2\/media\/6"}],"wp:attachment":[{"href":"https:\/\/salikon.dk\/index.php?rest_route=%2Fwp%2Fv2%2Fmedia&parent=65"}],"curies":[{"name":"wp","href":"https:\/\/api.w.org\/{rel}","templated":true}]}}