{"id":13,"date":"2023-10-19T13:30:31","date_gmt":"2023-10-19T13:30:31","guid":{"rendered":"https:\/\/salikon.dk\/?page_id=13"},"modified":"2026-04-12T20:21:56","modified_gmt":"2026-04-12T20:21:56","slug":"ydelser","status":"publish","type":"page","link":"https:\/\/salikon.dk\/?page_id=13","title":{"rendered":"Ydelser"},"content":{"rendered":"\n<p>Alle priser er de samme enten det er online eller i kliniken<\/p>\n\n\n\n<p>Terapisamtale 50 min 1000 kroner <\/p>\n\n\n\n<p>Parterapi 1 time 15 min 1500 kroner<\/p>\n\n\n\n<p>Aftentill\u00e6g (efter klokken 17) 300 kroner pr 50 min.<\/p>\n\n\n\n<p><\/p>\n\n\n\n<p>Unge mellem 15 og 25 \u00e5r f\u00e5r 100 kroner i rabat pr samtale. <\/p>\n\n\n\n<p>For\u00e6ldresamtaler (for\u00e6ldre til ung i forl\u00f8b hos mig) 500 kroner for 30 minutter. Derefter 250 kroner pr p\u00e5begyndt 15 minutter. <\/p>\n\n\n\n<p>Jeg samarbejder med Tryg hvorfor du kan booke en tid hos mig via Tryg behandlerbooking. Hvis du har en sundhedsforsikring eller sundhedsordning kan denne ofte bruges hos mig. Ring evt p\u00e5 30498751 for at dr\u00f8fte mulighederne. <\/p>\n\n\n\n<p>Hvis du er medlem af Danmark er der ofte mulighed for at f\u00e5 refunderet dele af betalingen herfra. Orienter dig om dette p\u00e5 Danmarks hjemmeside. <\/p>\n\n\n\n<p><\/p>\n\n\n\n<p><\/p>\n","protected":false},"excerpt":{"rendered":"<p>Alle priser er de samme enten det er online eller i kliniken Terapisamtale 50 min 1000 kroner Parterapi 1 time 15 min 1500 kroner Aftentill\u00e6g (efter klokken 17) 300 kroner pr 50 min. Unge mellem 15 og 25 \u00e5r f\u00e5r 100 kroner i rabat pr samtale. For\u00e6ldresamtaler (for\u00e6ldre til ung i forl\u00f8b hos mig) 500 kroner for 30 minutter. Derefter 250 kroner pr p\u00e5begyndt 15 minutter. Jeg samarbejder med Tryg hvorfor du kan booke en tid hos mig via Tryg behandlerbooking. Hvis du har en sundhedsforsikring eller sundhedsordning kan denne ofte bruges hos mig. Ring evt p\u00e5 30498751 for at dr\u00f8fte mulighederne. Hvis du er medlem af Danmark er der ofte mulighed for at f\u00e5 refunderet dele af betalingen herfra. Orienter dig om dette p\u00e5 Danmarks hjemmeside.<\/p>\n","protected":false},"author":1,"featured_media":97,"parent":0,"menu_order":0,"comment_status":"closed","ping_status":"closed","template":"","meta":{"footnotes":""},"class_list":["post-13","page","type-page","status-publish","has-post-thumbnail"],"_links":{"self":[{"href":"https:\/\/salikon.dk\/index.php?rest_route=\/wp\/v2\/pages\/13"}],"collection":[{"href":"https:\/\/salikon.dk\/index.php?rest_route=\/wp\/v2\/pages"}],"about":[{"href":"https:\/\/salikon.dk\/index.php?rest_route=\/wp\/v2\/types\/page"}],"author":[{"embeddable":true,"href":"https:\/\/salikon.dk\/index.php?rest_route=\/wp\/v2\/users\/1"}],"replies":[{"embeddable":true,"href":"https:\/\/salikon.dk\/index.php?rest_route=%2Fwp%2Fv2%2Fcomments&post=13"}],"version-history":[{"count":10,"href":"https:\/\/salikon.dk\/index.php?rest_route=\/wp\/v2\/pages\/13\/revisions"}],"predecessor-version":[{"id":136,"href":"https:\/\/salikon.dk\/index.php?rest_route=\/wp\/v2\/pages\/13\/revisions\/136"}],"wp:featuredmedia":[{"embeddable":true,"href":"https:\/\/salikon.dk\/index.php?rest_route=\/wp\/v2\/media\/97"}],"wp:attachment":[{"href":"https:\/\/salikon.dk\/index.php?rest_route=%2Fwp%2Fv2%2Fmedia&parent=13"}],"curies":[{"name":"wp","href":"https:\/\/api.w.org\/{rel}","templated":true}]}}