{"id":125,"date":"2025-08-12T14:39:44","date_gmt":"2025-08-12T14:39:44","guid":{"rendered":"https:\/\/salikon.dk\/?page_id=125"},"modified":"2025-08-12T14:52:05","modified_gmt":"2025-08-12T14:52:05","slug":"privatlivspolitik","status":"publish","type":"page","link":"https:\/\/salikon.dk\/?page_id=125","title":{"rendered":"Privatlivspolitik"},"content":{"rendered":"\n<h1 class=\"wp-block-heading\">PRIVATLIVSPOLITIK<\/h1>\n\n\n\n<p>TAVSHEDSPLIGT<\/p>\n\n\n\n<p>Jeg har som psykolog i f\u00f8lge loven tavshedspligt. Det vil sige, at det der bliver fortalt i vores sessioner sammen ikke bliver sagt videre.\u00a0 Der kan dog v\u00e6re undtagelser ved tavshedspligten, hvor der er anden lovgivning der bliver vigtigere end tavshedspligten, fx hvis jeg vurderer, at du eller andre er i fare. Her kan det v\u00e6re n\u00f8dvendigt at bryde tavshedspligten, men jeg vil altid g\u00f8re, hvad jeg kan, for at inddrage dig.\u00a0<\/p>\n\n\n\n<p>DINE RETTIGHEDER<\/p>\n\n\n\n<p>Du har en r\u00e6kke rettigheder, n\u00e5r du kommer i terapi hos mig. 1) Du kan g\u00f8re indsigelse mod den m\u00e5de, jeg h\u00e5ndterer dine personoplysninger. 2) Du kan f\u00e5 rettet ukorrekte oplysninger om dig eller f\u00e5 slettet visse oplysninger. 3) Du har ret til at f\u00e5 indsigt i de oplysninger jeg har om dig, hertil de journalnotater jeg skriver efter vores samtaler. Hvis du \u00f8nsker at f\u00e5 en udskrift af dine oplysninger\/din journal, vil jeg give dig et password som du kan bruge til at \u00e5bne en krypteret mail som jeg sender dig med dine oplysninger. <\/p>\n\n\n\n<p>INDSAMLING OG BEHANDLING AF PERSONF\u00d8LSOMME OPLYSNINGER<\/p>\n\n\n\n<p>Dansk Psykolog Forening har nogle fastsatte etiske retningslinjer, som jeg f\u00f8lger. Dette indeb\u00e6rer, at jeg kun indsamler, behandler og opbevarer de personf\u00f8lsomme oplysninger, der er n\u00f8dvendige for at kunne give dig den bedst mulige behandling. Dit navn, telefonnummer, adresse og mailadresse bliver brugt til booking og fakturering af terapien. Dine personlige oplysninger, data fra vores samtaler samt din journal vil blive opbevaret sikkert og krypteret.&nbsp;<\/p>\n\n\n\n<p>VIDEREGIVELSE AF PERSONOPLYSNINGER&nbsp;<\/p>\n\n\n\n<p>Dine personoplysninger videregives kun, hvis du giver samtykke til det, og hvis det er n\u00f8dvendigt for din behandling. Dette kunne for eksempel v\u00e6re til forsikring, et netv\u00e6rksselskab der samarbejder med din forsikring eller din l\u00e6ge. Er dit forl\u00f8b i samarbejde med AS3 eller Primacare har du givet dette samtykke til dem i forbindelse med opstart af forl\u00f8bet. Er dit forl\u00f8b i samarbejde med Prescriba indsamler jeg et samtykke i f\u00f8rste session. <\/p>\n\n\n\n<p>OPBEVARINGS OG SLETNING AF PERSONOPLYSNINGER<\/p>\n\n\n\n<p>Dine personoplysninger bliver opbevaret i 5 \u00e5r efter et afsluttet forl\u00f8b. Herefter bliver personoplysningerne slettet. I nogle tilf\u00e6lde er der brug for, at jeg opbevarer oplysningerne i l\u00e6ngere tid, hvilket vi vil lave en intern aftale om, hvis det bliver n\u00f8dvendigt.&nbsp;<\/p>\n\n\n\n<p>COOKIES<\/p>\n\n\n\n<p>En cookie er en lille datafil, som websitet gemmer p\u00e5 brugerens computer for at kunne genkende computeren. Cookies kan blandt andet bruges til at udarbejde statistik over brugerens anvendelse af websitet, g\u00f8re hjemmesiden mere brugervenlig og rette uhensigtsm\u00e6ssige fejl p\u00e5 hjemmesiden. \u00d8nsker du ikke at modtage cookies fra denne hjemmeside, skal du under internetindstillinger i din browser, v\u00e6lge avancerede cookie-indstillinger, og tilf\u00f8je dette dom\u00e6ne til listen over hjemmeside, som du ikke \u00f8nsker cookies fra.&nbsp;<\/p>\n\n\n\n<p>KLAGE<\/p>\n\n\n\n<p>Du har mulighed for at klage over min behandling af dine personoplysninger, dette kan g\u00f8res til datatilsynet.dk.<\/p>\n\n\n\n<p>KONTAKT<\/p>\n\n\n\n<p>Du er velkommen til at kontakte mig, hvis du har sp\u00f8rgsm\u00e5l til dine rettigheder, eller hvordan jeg opbevarer dine personf\u00f8lsomme oplysninger.&nbsp;<\/p>\n","protected":false},"excerpt":{"rendered":"<p>PRIVATLIVSPOLITIK TAVSHEDSPLIGT Jeg har som psykolog i f\u00f8lge loven tavshedspligt. Det vil sige, at det der bliver fortalt i vores sessioner sammen ikke bliver sagt videre.\u00a0 Der kan dog v\u00e6re undtagelser ved tavshedspligten, hvor der er anden lovgivning der bliver vigtigere end tavshedspligten, fx hvis jeg vurderer, at du eller andre er i fare. Her kan det v\u00e6re n\u00f8dvendigt at bryde tavshedspligten, men jeg vil altid g\u00f8re, hvad jeg kan, for at inddrage dig.\u00a0 DINE RETTIGHEDER Du har en r\u00e6kke rettigheder, n\u00e5r du kommer i terapi hos mig. 1) Du kan g\u00f8re indsigelse mod den m\u00e5de, jeg h\u00e5ndterer dine personoplysninger. 2) Du kan f\u00e5 rettet ukorrekte oplysninger om dig eller f\u00e5 slettet visse oplysninger. 3) Du har ret til at f\u00e5 indsigt i de oplysninger jeg har om dig, hertil de journalnotater jeg skriver efter vores samtaler. Hvis du \u00f8nsker at f\u00e5 en udskrift af dine oplysninger\/din journal, vil jeg&hellip;<\/p>\n<p> <a class=\"more-link\" href=\"https:\/\/salikon.dk\/?page_id=125\">L\u00e6s mere<\/a><\/p>\n","protected":false},"author":1,"featured_media":0,"parent":11,"menu_order":0,"comment_status":"closed","ping_status":"closed","template":"","meta":{"footnotes":""},"class_list":["post-125","page","type-page","status-publish"],"_links":{"self":[{"href":"https:\/\/salikon.dk\/index.php?rest_route=\/wp\/v2\/pages\/125"}],"collection":[{"href":"https:\/\/salikon.dk\/index.php?rest_route=\/wp\/v2\/pages"}],"about":[{"href":"https:\/\/salikon.dk\/index.php?rest_route=\/wp\/v2\/types\/page"}],"author":[{"embeddable":true,"href":"https:\/\/salikon.dk\/index.php?rest_route=\/wp\/v2\/users\/1"}],"replies":[{"embeddable":true,"href":"https:\/\/salikon.dk\/index.php?rest_route=%2Fwp%2Fv2%2Fcomments&post=125"}],"version-history":[{"count":2,"href":"https:\/\/salikon.dk\/index.php?rest_route=\/wp\/v2\/pages\/125\/revisions"}],"predecessor-version":[{"id":128,"href":"https:\/\/salikon.dk\/index.php?rest_route=\/wp\/v2\/pages\/125\/revisions\/128"}],"up":[{"embeddable":true,"href":"https:\/\/salikon.dk\/index.php?rest_route=\/wp\/v2\/pages\/11"}],"wp:attachment":[{"href":"https:\/\/salikon.dk\/index.php?rest_route=%2Fwp%2Fv2%2Fmedia&parent=125"}],"curies":[{"name":"wp","href":"https:\/\/api.w.org\/{rel}","templated":true}]}}