{"id":11,"date":"2023-10-19T13:30:08","date_gmt":"2023-10-19T13:30:08","guid":{"rendered":"https:\/\/salikon.dk\/?page_id=11"},"modified":"2024-09-17T17:08:42","modified_gmt":"2024-09-17T17:08:42","slug":"praktisk","status":"publish","type":"page","link":"https:\/\/salikon.dk\/?page_id=11","title":{"rendered":"Praktisk"},"content":{"rendered":"\n<p>Jeg har klinik i Gedved Kultur- og Medborgerhus, som er beliggende i de gamle seminariebygninger i Gedved, lige nord for Horsens.<\/p>\n\n\n\n<p>Hvis du ankommer via motorvejen, skal du tage afk\u00f8rsel Horsens Nord og f\u00f8lge skiltene f\u00f8rst mod Horsens, derefter mod Gedved. Der er gratis parkering ved Kirkevej 2 eller ved SuperBrugsen.<\/p>\n\n\n\n<p>Hvis du kommer med offentlig transport, k\u00f8rer bus nr. 13 til Gedved fra Horsens.<\/p>\n\n\n\n<p>N\u00e5r du ankommer, f\u00f8lg skiltene mod Gedved Bibliotek. Tag plads i venteomr\u00e5det i underetagen, hvor jeg vil hente dig, n\u00e5r det er tid til din samtale. Ring evt p\u00e5 30498751 hvis det er sv\u00e6rt at finde. <\/p>\n\n\n\n<p>Min klinik ligger p\u00e5 1. sal. Der er mulighed for trappehejs hvis du er gangbesv\u00e6ret. Kontakt mig gerne om dette p\u00e5 forh\u00e5nd. <\/p>\n\n\n\n<p>Klinikkens adresse:<\/p>\n\n\n\n<p>Psykolog Andreas Salikon<br>c\/o Gedved Kultur- og Medborgerhus<br>Egebjergvej 1<br>8751 Gedved<br>Tlf. 30498751<br>CVR: 32481922<\/p>\n","protected":false},"excerpt":{"rendered":"<p>Jeg har klinik i Gedved Kultur- og Medborgerhus, som er beliggende i de gamle seminariebygninger i Gedved, lige nord for Horsens. Hvis du ankommer via motorvejen, skal du tage afk\u00f8rsel Horsens Nord og f\u00f8lge skiltene f\u00f8rst mod Horsens, derefter mod Gedved. Der er gratis parkering ved Kirkevej 2 eller ved SuperBrugsen. Hvis du kommer med offentlig transport, k\u00f8rer bus nr. 13 til Gedved fra Horsens. N\u00e5r du ankommer, f\u00f8lg skiltene mod Gedved Bibliotek. Tag plads i venteomr\u00e5det i underetagen, hvor jeg vil hente dig, n\u00e5r det er tid til din samtale. Ring evt p\u00e5 30498751 hvis det er sv\u00e6rt at finde. Min klinik ligger p\u00e5 1. sal. Der er mulighed for trappehejs hvis du er gangbesv\u00e6ret. Kontakt mig gerne om dette p\u00e5 forh\u00e5nd. Klinikkens adresse: Psykolog Andreas Salikonc\/o Gedved Kultur- og MedborgerhusEgebjergvej 18751 GedvedTlf. 30498751CVR: 32481922<\/p>\n","protected":false},"author":1,"featured_media":91,"parent":0,"menu_order":0,"comment_status":"closed","ping_status":"closed","template":"","meta":{"footnotes":""},"class_list":["post-11","page","type-page","status-publish","has-post-thumbnail"],"_links":{"self":[{"href":"https:\/\/salikon.dk\/index.php?rest_route=\/wp\/v2\/pages\/11"}],"collection":[{"href":"https:\/\/salikon.dk\/index.php?rest_route=\/wp\/v2\/pages"}],"about":[{"href":"https:\/\/salikon.dk\/index.php?rest_route=\/wp\/v2\/types\/page"}],"author":[{"embeddable":true,"href":"https:\/\/salikon.dk\/index.php?rest_route=\/wp\/v2\/users\/1"}],"replies":[{"embeddable":true,"href":"https:\/\/salikon.dk\/index.php?rest_route=%2Fwp%2Fv2%2Fcomments&post=11"}],"version-history":[{"count":6,"href":"https:\/\/salikon.dk\/index.php?rest_route=\/wp\/v2\/pages\/11\/revisions"}],"predecessor-version":[{"id":96,"href":"https:\/\/salikon.dk\/index.php?rest_route=\/wp\/v2\/pages\/11\/revisions\/96"}],"wp:featuredmedia":[{"embeddable":true,"href":"https:\/\/salikon.dk\/index.php?rest_route=\/wp\/v2\/media\/91"}],"wp:attachment":[{"href":"https:\/\/salikon.dk\/index.php?rest_route=%2Fwp%2Fv2%2Fmedia&parent=11"}],"curies":[{"name":"wp","href":"https:\/\/api.w.org\/{rel}","templated":true}]}}