{"id":10,"date":"2023-10-09T18:15:24","date_gmt":"2023-10-09T18:15:24","guid":{"rendered":"https:\/\/salikon.dk\/?page_id=10"},"modified":"2025-09-18T17:46:21","modified_gmt":"2025-09-18T17:46:21","slug":"kontakt","status":"publish","type":"page","link":"https:\/\/salikon.dk\/?page_id=10","title":{"rendered":"Kontakt"},"content":{"rendered":"\n<p>Kontakt mig gerne p\u00e5 telefon 30498751. L\u00e6gger du en besked p\u00e5 svareren vil jeg snarest ringe tilbage. <\/p>\n\n\n\n<p>Du kan ogs\u00e5 skrive til mig p\u00e5 kontakt@salikon.dk. <\/p>\n\n\n\n<p>NB: husk at du ikke b\u00f8r sende personf\u00f8lsomme oplysninger i en almindelig mail. Hvis du har behov for at sende mig personlige oplysninger, kan du ved at kontakte mig p\u00e5 30498751 f\u00e5 en kode. Jeg sender en krypteret mail til dig, som du kan l\u00e5se op med koden, og svare sikkert p\u00e5. <\/p>\n","protected":false},"excerpt":{"rendered":"<p>Kontakt mig gerne p\u00e5 telefon 30498751. L\u00e6gger du en besked p\u00e5 svareren vil jeg snarest ringe tilbage. Du kan ogs\u00e5 skrive til mig p\u00e5 kontakt@salikon.dk. NB: husk at du ikke b\u00f8r sende personf\u00f8lsomme oplysninger i en almindelig mail. Hvis du har behov for at sende mig personlige oplysninger, kan du ved at kontakte mig p\u00e5 30498751 f\u00e5 en kode. Jeg sender en krypteret mail til dig, som du kan l\u00e5se op med koden, og svare sikkert p\u00e5.<\/p>\n","protected":false},"author":1,"featured_media":0,"parent":0,"menu_order":0,"comment_status":"closed","ping_status":"closed","template":"","meta":{"footnotes":""},"class_list":["post-10","page","type-page","status-publish"],"_links":{"self":[{"href":"https:\/\/salikon.dk\/index.php?rest_route=\/wp\/v2\/pages\/10"}],"collection":[{"href":"https:\/\/salikon.dk\/index.php?rest_route=\/wp\/v2\/pages"}],"about":[{"href":"https:\/\/salikon.dk\/index.php?rest_route=\/wp\/v2\/types\/page"}],"author":[{"embeddable":true,"href":"https:\/\/salikon.dk\/index.php?rest_route=\/wp\/v2\/users\/1"}],"replies":[{"embeddable":true,"href":"https:\/\/salikon.dk\/index.php?rest_route=%2Fwp%2Fv2%2Fcomments&post=10"}],"version-history":[{"count":4,"href":"https:\/\/salikon.dk\/index.php?rest_route=\/wp\/v2\/pages\/10\/revisions"}],"predecessor-version":[{"id":134,"href":"https:\/\/salikon.dk\/index.php?rest_route=\/wp\/v2\/pages\/10\/revisions\/134"}],"wp:attachment":[{"href":"https:\/\/salikon.dk\/index.php?rest_route=%2Fwp%2Fv2%2Fmedia&parent=10"}],"curies":[{"name":"wp","href":"https:\/\/api.w.org\/{rel}","templated":true}]}}